{"id":529,"date":"2022-04-28T11:21:03","date_gmt":"2022-04-28T09:21:03","guid":{"rendered":"https:\/\/rinderbergfreunde-dev.mooh.ch\/?page_id=529"},"modified":"2022-06-02T16:44:18","modified_gmt":"2022-06-02T14:44:18","slug":"der-rinderberg","status":"publish","type":"page","link":"https:\/\/www.rinderbergfreunde.ch\/?page_id=529","title":{"rendered":"Der Rinderberg"},"content":{"rendered":"\n<div class=\"wp-block-cover alignfull\"><span aria-hidden=\"true\" class=\"wp-block-cover__background has-nv-dark-bg-background-color has-background-dim-100 has-background-dim\"><\/span><div class=\"wp-block-cover__inner-container is-layout-flow wp-block-cover-is-layout-flow\">\n<div class=\"wp-block-group\"><div class=\"wp-block-group__inner-container is-layout-flow wp-block-group-is-layout-flow\">\n<p class=\"has-text-align-left\">Pyramidenartig steht der Rinderberg als Hausberg von Zweisimmen majest\u00e4tisch mitten im Tal, wo die grosse Simme aus der Lenk und die kleine Simme aus dem Saanenland zusammentreffen.<\/p>\n\n\n\n<p>Mit 2078.6 m\u00fcM stellt der Rinderberg den h\u00f6chsten Berg im Ski- und Wandergebiet der Destination Gstaad\/Zweisimmen dar.<\/p>\n\n\n\n<p>Durch das &#171;gr\u00fcnste Tal Europas&#187; (wie schon Felix Mendelson-Bartholdi bemerkte) erreichen Sommer- und Winterg\u00e4ste mit Bahn und\/oder Auto bequem die Talstation der modernen 6er Gondelbahn mitten in&nbsp;Zweisimmen.<\/p>\n\n\n\n<p>Der Rinderberg erschliesst als Einstiegsberg eine Region mit 61 Bergbahnen und ein Skigebiet von 250 km Pisten.<br>Im Sommer erschliessen H\u00f6henwanderwege mit herrlichen Panoramen 9 Berge &#8211; 300 km Wanderwege &#8211; und 1000 Erlebnisse.<\/p>\n<\/div><\/div>\n<\/div><\/div>\n\n\n\n<div class=\"wp-block-cover alignwide\" style=\"min-height:181px;aspect-ratio:unset;\"><span aria-hidden=\"true\" class=\"wp-block-cover__background has-nv-light-bg-background-color has-background-dim-0 has-background-dim\"><\/span><div class=\"wp-block-cover__inner-container is-layout-flow wp-block-cover-is-layout-flow\">\n<h2 class=\"has-text-align-left has-neve-text-color-color has-text-color wp-block-heading\">Die Gondelbahn<\/h2>\n<\/div><\/div>\n\n\n\n<div class=\"wp-block-group\"><div class=\"wp-block-group__inner-container is-layout-flow wp-block-group-is-layout-flow\">\n<p>Seit 1957 f\u00fchrt eine Gondelbahn auf den 2078.6 m hohen Rinderberg. Bis ins Jahr 1978 galt diese mit einer L\u00e4nge \u00fcber 5 km als die l\u00e4ngste Gondelbahn Europas. Die Talstation der Rinderberg-Bahn liegt direkt gegen\u00fcber dem Bahnhof Zweisimmen.<\/p>\n\n\n<div class=\"wp-block-image\">\n<figure class=\"aligncenter size-full is-resized\"><img loading=\"lazy\" decoding=\"async\" src=\"https:\/\/www.rinderbergfreunde.ch\/wp-content\/uploads\/2022\/06\/rinderberg-altegondeln-klein-1.jpg\" alt=\"\" class=\"wp-image-1033\" width=\"398\" height=\"279\"\/><\/figure><\/div>\n\n\n<h2 class=\"wp-block-heading\">Geschichte der Gondelbahn<\/h2>\n\n\n\n<p>Bereits zu Beginn des Wintertourismus um die Jahrhundertwende war der Rinderberg ein Anziehungspunkt f\u00fcr Skitouristen (Engl\u00e4nder), die die Zweisimmner Hotellerie im Zusammenhang auch mit dem Eisenbahnbau entstehen liess und zu einer ersten Bl\u00fcte brachten. Als eigentlicher Pionier am Rinderberg muss Hans Gobeli bezeichnet werden, der bereits im Jahre 1936 von der Oeschseite in die Eggweid ein Funi erstellen liess und bei der heutigen Mittelstation eine einfache Skih\u00fctte errichtete. Damit wurde das Zeitalter der mechanischen Bef\u00f6rderungsanlagen am Rinderberg begonnen. Aus dem Funi wurde ein Schilift mit Holzmasten und umzubindenden Sitzbrettern. Die Skih\u00fctte wurde den wachsenden Bed\u00fcrfnissen angepasst und zum heutigen Berghaus Gobeli ausgebaut.<\/p>\n\n\n\n<p>Am 15. Dezember 1957 konnte die Gondelbahn Zweisimmen Rinderberg und das dazugeh\u00f6rende Bergrestaurant Rinderberg Spitz er\u00f6ffnet werden. Nach anf\u00e4nglichen Schwierigkeiten wurde daraus ein gutes Unternehmen, welches im Jahre 1968 zur Erh\u00f6hung der F\u00f6rderleistung ausgebaut wurde.<\/p>\n\n\n\n<figure class=\"wp-block-image size-full\"><img loading=\"lazy\" decoding=\"async\" width=\"600\" height=\"376\" src=\"https:\/\/www.rinderbergfreunde.ch\/wp-content\/uploads\/2022\/06\/rinderberg-alte-gondeln-4-2.jpg\" alt=\"\" class=\"wp-image-1034\" srcset=\"https:\/\/www.rinderbergfreunde.ch\/wp-content\/uploads\/2022\/06\/rinderberg-alte-gondeln-4-2.jpg 600w, https:\/\/www.rinderbergfreunde.ch\/wp-content\/uploads\/2022\/06\/rinderberg-alte-gondeln-4-2-300x188.jpg 300w\" sizes=\"auto, (max-width: 600px) 100vw, 600px\" \/><\/figure>\n\n\n\n<p>Im Jahre 1987 wurde die 30j\u00e4hrige 2er (Eiergondelbahn siehe Bild unten) durch eine moderne bequeme 6er Gondelbahn ersetzt. Die Eignung des Rinderbergs als Skigebiet wurde also schon sehr fr\u00fch entdeckt.<\/p>\n\n\n\n<p>Ohne Rodungen und Pistenplanierungen entstand \u00fcber die Jahre das heutige vielseitige Pistenangebot.<\/p>\n\n\n\n<p>Mit den 1997 gebauten 2 Sesselbahnen wurde die Verbindung ins Saanenland hergestellt, was das Pistenangebot entscheidend erweitert hat. Bei all dem darf die Bedeutung des Rinderbergs als Sommerberg nicht vergessen werden.<br>Ist doch der Rinderberg Ausgangspunkt f\u00fcr zahlreiche leichte (2\u20133 Std. ) und schwere (bis 6 Std.), H\u00f6henwanderungen, oder man geniesst das Mittagessen bei einer \u00fcberw\u00e4ltigenden Aussicht.<\/p>\n\n\n\n<p>Im Jahre 2000 wurde ein Mountainbike Park mit einer Downhillstrecke vom Rinderberg Spitz zur Mittelstation und verschiedenen Anschlussstrecken errichtet. Es fanden darauf 4 Austragungen des internationalen Maxxis-Cup statt. <\/p>\n\n\n\n<p>Die deutsche Firma Heckel aus Saarbr\u00fccken erbaute die damals l\u00e4ngste Gondelbahn Europas von Zweisimmen auf den Rinderberg, mit 163 2er-Kabinen, die mit Klemmen nach dem italienischen System von Carlevaro &amp; Savio ausger\u00fcstet waren. Der L\u00e4ngenrekord wurde erst im Jahr 1978 \u00fcberboten. Die zwei Sektionen umfassende Bahn hatte eine Gesamtl\u00e4nge von 5056 m, 48 Zwischenst\u00fctzen und eine F\u00f6rderleistung von 350 Personen pro Stunde.<\/p>\n\n\n\n<p>Die Anlage war ab dem 14. Dezember 1957 30 Jahre lang in Betrieb, bis sie 1987 durch eine moderne 6er-Gondelbahn der Firma Garaventa ersetzt wurde.<\/p>\n\n\n\n<h3 class=\"wp-block-heading\">Technisches \u00fcber die heutige Gondelbahn<\/h3>\n\n\n\n<p>H\u00f6henlagen: Talstation 951 m\u00fcM, Mittelstation 1458 m\u00fcM, Bergstation 2008 m\u00fcM.<br>H\u00f6hendifferenz:&nbsp; 1057 m; Schr\u00e4ge L\u00e4nge: 1. \/ 2. Sektion 2964 m\/2075 m<\/p>\n\n\n\n<h4 class=\"wp-block-heading\">Technische Daten 1. Sektion:<\/h4>\n\n\n\n<ul class=\"wp-block-list\"><li>F\u00f6rderseil: Durchmesser 39 mm \/ L\u00e4nge 6030 m \/ Gewicht 36 t, Spanngewicht ca: 20 t<\/li><li>Anzahl St\u00fctzen: 26, Anzahl Seilrollen auf St\u00fctzen: 300<\/li><li>Antriebsmotor: BBC 435 kW \/ 591 PS<\/li><li>Hilfsantrieb: Diesel- Hydraulisch mit V8-Dieselmotor 140 kW \/ 190 PS<\/li><\/ul>\n\n\n\n<h4 class=\"wp-block-heading\">Technische Daten 2. Sektion:<\/h4>\n\n\n\n<ul class=\"wp-block-list\"><li>F\u00f6rderseil: Durchmesser 39 mm \/ L\u00e4nge 4285 m \/ Gewicht 26 t, Spanngewicht ca: 24 t mit Einflaschung<\/li><li>Anzahl St\u00fctzen: 21 \/ H\u00f6chste St\u00fczte ist Nr. 21 mit 24 m<\/li><li>Anzahl Seilrollen auf St\u00fctzen: 286<\/li><li>Antriebsmotor: BBC 435 kW \/ 591 PS<\/li><li>Hilfsantrieb: Diesel- Hydraulisch mit V8-Dieselmotor 140 kW \/ 190 PS<\/li><\/ul>\n\n\n\n<p>Geschwindigkeit: 5 m\/s<br>Fahrzeit: Sommer 25 min \/ Winter 17 min<br>Anzahl Gondeln: 104<br>Fassungsverm\u00f6gen: 6 Personen \/ Gondel<br>F\u00f6rderkapazit\u00e4t: 900 Personen pro Stunde<\/p>\n<\/div><\/div>\n\n\n\n<div class=\"wp-block-cover alignwide\" style=\"min-height:158px;aspect-ratio:unset;\"><span aria-hidden=\"true\" class=\"wp-block-cover__background has-nv-light-bg-background-color has-background-dim-0 has-background-dim\"><\/span><div class=\"wp-block-cover__inner-container is-layout-flow wp-block-cover-is-layout-flow\">\n<h2 class=\"has-text-align-left has-neve-text-color-color has-text-color wp-block-heading\">Die Rinderberg-Sage<\/h2>\n<\/div><\/div>\n\n\n\n<div class=\"wp-block-group\"><div class=\"wp-block-group__inner-container is-layout-flow wp-block-group-is-layout-flow\">\n<p>Es soll sich zugetragen haben, dass ein Senn am Hausberg in Zweisimmen an einem wunderbaren Vollmondabend ein Rind vermisst hat.<\/p>\n\n\n\n<p>Am ganzen Berg konnte er das Tier nicht auffinden. Es war ausgerechnet sein sch\u00f6nstes, wertvollstes und liebstes Rind, welches er jemals im Stall gehabt hatte. Der Senn schw\u00f6rte sich, nicht eher Ruhe zu geben bis er sein Tier geliebtes Tier wieder gefunden hat. Das Rind kam jedoch nie mehr zum Vorschein und der Senn verstarb nach jahrelanger vergeblicher Suche in hohem Alter. Seinen Schwur vermochte er bis zu seinem Tod nie einzul\u00f6sen. Seither soll der Hausberg von Zweisimmen den Namen &#171;Rinderberg&#187; erhalten haben.<\/p>\n\n\n\n<p>Der Senn und sein wundersch\u00f6nes Rind aber, wird noch heute manchmal am Rinderberg angetroffen. In sch\u00f6nen Vollmondn\u00e4chten hat sich schon manch versp\u00e4teter Skifahrer und Wanderer auf seinem Weg ins Tal durch unheimliche Begegnungen erschrocken. Ein grosses, sch\u00f6n gewachsenes weisses Rind soll an dunklen Waldr\u00e4ndern aufgetaucht sein und mit lautem &#171;Muhen&#187; seine Einsamkeit hinausgebr\u00fcllt haben.<\/p>\n\n\n\n<p>Der Senn hingegen ruft in stillen N\u00e4chten noch oft nach dem vermissten Rind. Wer einmal ganz still verharrt und nur dem Wind zuh\u00f6rt kann es h\u00f6ren:<br><em>&#171;chuuum h\u00e4le h\u00e4le h\u00e4le&nbsp; &#8211;&nbsp; chuuum h\u00e4le h\u00e4le h\u00e4le&#187;<\/em><\/p>\n\n\n\n<p>Der gute Geist am Rinderberg wird bis in alle Ewigkeit ruhelos herumgeistern und uns auf die Verbundenheit zwischen Mensch, Tier und Natur aufmerksam machen.<\/p>\n\n\n<div class=\"wp-block-image\">\n<figure class=\"aligncenter size-full is-resized\"><img loading=\"lazy\" decoding=\"async\" src=\"https:\/\/www.rinderbergfreunde.ch\/wp-content\/uploads\/2022\/06\/Kalb-Sage.jpg\" alt=\"\" class=\"wp-image-1030\" width=\"290\" height=\"203\"\/><\/figure><\/div><\/div><\/div>\n\n\n\n<div style=\"height:153px\" aria-hidden=\"true\" class=\"wp-block-spacer\"><\/div>\n","protected":false},"excerpt":{"rendered":"<p>Seit 1957 f\u00fchrt eine Gondelbahn auf den 2078.6 m hohen Rinderberg. Bis ins Jahr 1978 galt diese mit einer L\u00e4nge \u00fcber 5 km als die l\u00e4ngste Gondelbahn Europas. Die Talstation der Rinderberg-Bahn liegt direkt gegen\u00fcber dem Bahnhof Zweisimmen. Geschichte der Gondelbahn Bereits zu Beginn des Wintertourismus um die Jahrhundertwende war der Rinderberg ein Anziehungspunkt f\u00fcr&hellip;&nbsp;<a href=\"https:\/\/www.rinderbergfreunde.ch\/?page_id=529\" class=\"\" rel=\"bookmark\">Weiterlesen &raquo;<span class=\"screen-reader-text\">Der Rinderberg<\/span><\/a><\/p>\n","protected":false},"author":1,"featured_media":697,"parent":0,"menu_order":0,"comment_status":"closed","ping_status":"closed","template":"","meta":{"neve_meta_sidebar":"default","neve_meta_container":"contained","neve_meta_enable_content_width":"on","neve_meta_content_width":100,"neve_meta_title_alignment":"","neve_meta_author_avatar":"","neve_post_elements_order":"","neve_meta_disable_header":"off","neve_meta_disable_footer":"off","neve_meta_disable_title":"off","footnotes":""},"class_list":["post-529","page","type-page","status-publish","has-post-thumbnail","hentry"],"_links":{"self":[{"href":"https:\/\/www.rinderbergfreunde.ch\/index.php?rest_route=\/wp\/v2\/pages\/529","targetHints":{"allow":["GET"]}}],"collection":[{"href":"https:\/\/www.rinderbergfreunde.ch\/index.php?rest_route=\/wp\/v2\/pages"}],"about":[{"href":"https:\/\/www.rinderbergfreunde.ch\/index.php?rest_route=\/wp\/v2\/types\/page"}],"author":[{"embeddable":true,"href":"https:\/\/www.rinderbergfreunde.ch\/index.php?rest_route=\/wp\/v2\/users\/1"}],"replies":[{"embeddable":true,"href":"https:\/\/www.rinderbergfreunde.ch\/index.php?rest_route=%2Fwp%2Fv2%2Fcomments&post=529"}],"version-history":[{"count":40,"href":"https:\/\/www.rinderbergfreunde.ch\/index.php?rest_route=\/wp\/v2\/pages\/529\/revisions"}],"predecessor-version":[{"id":1038,"href":"https:\/\/www.rinderbergfreunde.ch\/index.php?rest_route=\/wp\/v2\/pages\/529\/revisions\/1038"}],"wp:featuredmedia":[{"embeddable":true,"href":"https:\/\/www.rinderbergfreunde.ch\/index.php?rest_route=\/wp\/v2\/media\/697"}],"wp:attachment":[{"href":"https:\/\/www.rinderbergfreunde.ch\/index.php?rest_route=%2Fwp%2Fv2%2Fmedia&parent=529"}],"curies":[{"name":"wp","href":"https:\/\/api.w.org\/{rel}","templated":true}]}}