{"id":537,"date":"2022-04-28T11:22:48","date_gmt":"2022-04-28T09:22:48","guid":{"rendered":"https:\/\/rinderbergfreunde-dev.mooh.ch\/?page_id=537"},"modified":"2025-06-21T13:41:33","modified_gmt":"2025-06-21T11:41:33","slug":"aktuelles","status":"publish","type":"page","link":"https:\/\/www.rinderbergfreunde.ch\/?page_id=537","title":{"rendered":"Aktuelles"},"content":{"rendered":"\n<p><\/p>\n\n\n\n<p>Aus der Simmental Zeitung vom 19.06.2025 \u00fcber die Mitgliederversammlung vom 14. Juni 2025:<br><\/p>\n\n\n\n<figure class=\"wp-block-image size-full is-resized\"><img loading=\"lazy\" decoding=\"async\" width=\"960\" height=\"603\" src=\"https:\/\/www.rinderbergfreunde.ch\/wp-content\/uploads\/2025\/06\/Screenshot-2025-06-21-at-13-37-30-SIMMENTAL-ZEITUNG.png\" alt=\"\" class=\"wp-image-1411\" style=\"width:814px;height:auto\" srcset=\"https:\/\/www.rinderbergfreunde.ch\/wp-content\/uploads\/2025\/06\/Screenshot-2025-06-21-at-13-37-30-SIMMENTAL-ZEITUNG.png 960w, https:\/\/www.rinderbergfreunde.ch\/wp-content\/uploads\/2025\/06\/Screenshot-2025-06-21-at-13-37-30-SIMMENTAL-ZEITUNG-300x188.png 300w, https:\/\/www.rinderbergfreunde.ch\/wp-content\/uploads\/2025\/06\/Screenshot-2025-06-21-at-13-37-30-SIMMENTAL-ZEITUNG-768x482.png 768w\" sizes=\"auto, (max-width: 960px) 100vw, 960px\" \/><\/figure>\n\n\n\n<p><br><strong><span style=\"text-decoration: underline;\">22. Mitgliederversammlung 14. Juni 2025<\/span><\/strong><\/p>\n\n\n\n<figure class=\"wp-block-image size-full\"><img loading=\"lazy\" decoding=\"async\" width=\"406\" height=\"339\" src=\"https:\/\/www.rinderbergfreunde.ch\/wp-content\/uploads\/2025\/05\/GV22-2025.jpeg\" alt=\"\" class=\"wp-image-1402\" srcset=\"https:\/\/www.rinderbergfreunde.ch\/wp-content\/uploads\/2025\/05\/GV22-2025.jpeg 406w, https:\/\/www.rinderbergfreunde.ch\/wp-content\/uploads\/2025\/05\/GV22-2025-300x250.jpeg 300w\" sizes=\"auto, (max-width: 406px) 100vw, 406px\" \/><\/figure>\n\n\n\n<p><\/p>\n\n\n\n<p><strong><span style=\"text-decoration: underline;\">Bergbahnen Destination Gstaad im Magic Pass<\/span><\/strong><\/p>\n\n\n\n<p><a href=\"https:\/\/bergbahnen-gstaad.ch\/winter\/informationen\/magic-pass\">https:\/\/bergbahnen-gstaad.ch\/winter\/informationen\/magic-pass<\/a><br>Die Preise f\u00fcr den Magic Pass h\u00e4ngen von der Verkaufsphase ab. In der ersten Phase liegt der Preis bei <strong>CHF 419 f\u00fcr Erwachsene<\/strong> und <strong>CHF 282 f\u00fcr Kinder<\/strong>. Sichere dir deinen Magic Pass so fr\u00fch als m\u00f6glich und profitiere vom unschlagbaren Preis. Alle Informationen und Details zum Kauf deines Magic Passes findest du online unter <a href=\"https:\/\/www.magicpass.ch\/\" target=\"_blank\" rel=\"noreferrer noopener\">magicpass.ch.<\/a><\/p>\n\n\n\n<figure class=\"wp-block-image size-full\"><img loading=\"lazy\" decoding=\"async\" width=\"480\" height=\"360\" src=\"https:\/\/www.rinderbergfreunde.ch\/wp-content\/uploads\/2025\/03\/csm_Bild___Stoerer_MP_2_7147e2122f.png\" alt=\"\" class=\"wp-image-1395\" srcset=\"https:\/\/www.rinderbergfreunde.ch\/wp-content\/uploads\/2025\/03\/csm_Bild___Stoerer_MP_2_7147e2122f.png 480w, https:\/\/www.rinderbergfreunde.ch\/wp-content\/uploads\/2025\/03\/csm_Bild___Stoerer_MP_2_7147e2122f-300x225.png 300w\" sizes=\"auto, (max-width: 480px) 100vw, 480px\" \/><\/figure>\n\n\n\n<p><br><strong><span style=\"text-decoration: underline;\">Er\u00f6ffnung Alpenzauberweg Rinderberg<\/span><\/strong><\/p>\n\n\n\n<figure class=\"wp-block-image size-full is-resized\"><img loading=\"lazy\" decoding=\"async\" width=\"427\" height=\"602\" src=\"https:\/\/www.rinderbergfreunde.ch\/wp-content\/uploads\/2024\/05\/Folie1.jpg\" alt=\"\" class=\"wp-image-1369\" style=\"width:273px;height:auto\" srcset=\"https:\/\/www.rinderbergfreunde.ch\/wp-content\/uploads\/2024\/05\/Folie1.jpg 427w, https:\/\/www.rinderbergfreunde.ch\/wp-content\/uploads\/2024\/05\/Folie1-213x300.jpg 213w\" sizes=\"auto, (max-width: 427px) 100vw, 427px\" \/><\/figure>\n\n\n\n<p><\/p>\n\n\n\n<p><strong><span style=\"text-decoration: underline;\">Mitgliederversammlung und Sommer-Saisoner\u00f6ffnung<\/span><\/strong><br>Unsere Mitgliederversammlung f\u00fcr das Jahr 2023\/2024 findet am Sa. 15. Juni 2024, ab 15&#8217;00 Uhr im Restaurant Derby, am Fusse des Rinderberges, statt.<br>Gleichentags ist Sommersaison-Er\u00f6ffnung am Rinderberg.<\/p>\n\n\n\n<p><\/p>\n\n\n\n<p><strong><span style=\"text-decoration: underline;\">Wintersaison-Schluss am Rinderberg schon am 18.03.2024<\/span><\/strong><br>Wie die Bergbahnen kommuniziert haben, werden die Anlagen am Rinderberg ab 18.03.2024 geschlossen sein. <br>\u00dcber eine allf\u00e4llige Wiederer\u00f6ffnung f\u00fcr das Skiclubrennen sowie das untenstehende Fr\u00fchlingsfest soll am Mittwoch, 20.3.2024, je nach herrschenden Schneeverh\u00e4ltnissen, entschieden werden.<br><\/p>\n\n\n\n<p><strong><span style=\"text-decoration: underline;\">Fr\u00fchlingsfest am Rinderberg 24. M\u00e4rz 2024 nicht verpassen<\/span><\/strong><\/p>\n\n\n\n<figure class=\"wp-block-image size-full is-resized\"><img loading=\"lazy\" decoding=\"async\" width=\"672\" height=\"949\" src=\"https:\/\/www.rinderbergfreunde.ch\/wp-content\/uploads\/2024\/03\/fruehlingsfest2024.jpg\" alt=\"\" class=\"wp-image-1349\" style=\"width:356px;height:auto\" srcset=\"https:\/\/www.rinderbergfreunde.ch\/wp-content\/uploads\/2024\/03\/fruehlingsfest2024.jpg 672w, https:\/\/www.rinderbergfreunde.ch\/wp-content\/uploads\/2024\/03\/fruehlingsfest2024-212x300.jpg 212w\" sizes=\"auto, (max-width: 672px) 100vw, 672px\" \/><\/figure>\n\n\n\n<p><\/p>\n\n\n\n<p><strong><span style=\"text-decoration: underline;\">Sommersaison 2024 am Rinderberg mit Highlights<\/span><\/strong><br>15. Juni bis 13. Oktober 2024 mit den Highlights: <br>&#8211; Panorama-Aussichtsplattform mit imposantem Adler und Alpenpanorama zum Kennenlernen<br>&#8211; Fassadenspielplatz innen und aussen<br>&#8211; Neu ab ca. Ende JUni 2024!!! Themenweg &#171;Alpenzauber&#187; Rinderberg- Hornberg<\/p>\n\n\n\n<p><strong><span style=\"text-decoration: underline;\">Der Vorverkauf f\u00fcr die Wintersaison-Abos 2023\/2024 ist er\u00f6ffnet<\/span><\/strong><br>Bedingungen f\u00fcr den Vorverkauf\/Preise, etc: <a href=\"https:\/\/www.gstaad.ch\/bergbahnen\/tarife\/tarife-winter\/saisonabonnemente.html\">https:\/\/www.gstaad.ch\/bergbahnen\/tarife\/tarife-winter\/saisonabonnemente.html<\/a><br>Und hier auch gleich die Betriebsdaten f\u00fcr den Winterbetrieb 2023\/2024: <a href=\"https:\/\/www.gstaad.ch\/bergbahnen\/betriebsdaten\/betriebsdaten-winter.html\" data-type=\"link\" data-id=\"https:\/\/www.gstaad.ch\/bergbahnen\/betriebsdaten\/betriebsdaten-winter.html\">https:\/\/www.gstaad.ch\/bergbahnen\/betriebsdaten\/betriebsdaten-winter.html<\/a><\/p>\n\n\n\n<p><strong><span style=\"text-decoration: underline;\">Die herrlichen Herbstage am Rinderberg noch einmal geniessen<\/span>?<\/strong><br>Betrieb noch bis zum 15.10.2023. Siehe auch: <a href=\"https:\/\/www.gstaad.ch\/bergbahnen\/betriebsdaten\/betriebsdaten-sommer-herbst.html\" data-type=\"link\" data-id=\"https:\/\/www.gstaad.ch\/bergbahnen\/betriebsdaten\/betriebsdaten-sommer-herbst.html\">https:\/\/www.gstaad.ch\/bergbahnen\/betriebsdaten\/betriebsdaten-sommer-herbst.html<\/a><\/p>\n\n\n\n<p><\/p>\n\n\n\n<figure class=\"wp-block-image size-full is-resized\"><img loading=\"lazy\" decoding=\"async\" width=\"1024\" height=\"575\" src=\"https:\/\/www.rinderbergfreunde.ch\/wp-content\/uploads\/2023\/10\/2023-10-05-15.11.24.jpg\" alt=\"\" class=\"wp-image-1294\" style=\"width:1170px;height:575px\" srcset=\"https:\/\/www.rinderbergfreunde.ch\/wp-content\/uploads\/2023\/10\/2023-10-05-15.11.24.jpg 1024w, https:\/\/www.rinderbergfreunde.ch\/wp-content\/uploads\/2023\/10\/2023-10-05-15.11.24-300x168.jpg 300w, https:\/\/www.rinderbergfreunde.ch\/wp-content\/uploads\/2023\/10\/2023-10-05-15.11.24-768x431.jpg 768w\" sizes=\"auto, (max-width: 1024px) 100vw, 1024px\" \/><figcaption class=\"wp-element-caption\">heute 5.10.2023 am Rinderberg<\/figcaption><\/figure>\n\n\n\n<figure class=\"wp-block-image size-full\"><img loading=\"lazy\" decoding=\"async\" width=\"1024\" height=\"575\" src=\"https:\/\/www.rinderbergfreunde.ch\/wp-content\/uploads\/2023\/10\/2023-10-05-14.23.06.jpg\" alt=\"\" class=\"wp-image-1292\" srcset=\"https:\/\/www.rinderbergfreunde.ch\/wp-content\/uploads\/2023\/10\/2023-10-05-14.23.06.jpg 1024w, https:\/\/www.rinderbergfreunde.ch\/wp-content\/uploads\/2023\/10\/2023-10-05-14.23.06-300x168.jpg 300w, https:\/\/www.rinderbergfreunde.ch\/wp-content\/uploads\/2023\/10\/2023-10-05-14.23.06-768x431.jpg 768w\" sizes=\"auto, (max-width: 1024px) 100vw, 1024px\" \/><\/figure>\n\n\n\n<figure class=\"wp-block-image size-full\"><img loading=\"lazy\" decoding=\"async\" width=\"1024\" height=\"575\" src=\"https:\/\/www.rinderbergfreunde.ch\/wp-content\/uploads\/2023\/10\/2023-10-05-15.01.56.jpg\" alt=\"\" class=\"wp-image-1293\" srcset=\"https:\/\/www.rinderbergfreunde.ch\/wp-content\/uploads\/2023\/10\/2023-10-05-15.01.56.jpg 1024w, https:\/\/www.rinderbergfreunde.ch\/wp-content\/uploads\/2023\/10\/2023-10-05-15.01.56-300x168.jpg 300w, https:\/\/www.rinderbergfreunde.ch\/wp-content\/uploads\/2023\/10\/2023-10-05-15.01.56-768x431.jpg 768w\" sizes=\"auto, (max-width: 1024px) 100vw, 1024px\" \/><\/figure>\n\n\n\n<figure class=\"wp-block-image size-full is-resized\"><img loading=\"lazy\" decoding=\"async\" width=\"810\" height=\"650\" src=\"https:\/\/www.rinderbergfreunde.ch\/wp-content\/uploads\/2023\/05\/gv-bild-einweihung-2.jpg\" alt=\"\" class=\"wp-image-1274\" style=\"width:736px;height:591px\" srcset=\"https:\/\/www.rinderbergfreunde.ch\/wp-content\/uploads\/2023\/05\/gv-bild-einweihung-2.jpg 810w, https:\/\/www.rinderbergfreunde.ch\/wp-content\/uploads\/2023\/05\/gv-bild-einweihung-2-300x241.jpg 300w, https:\/\/www.rinderbergfreunde.ch\/wp-content\/uploads\/2023\/05\/gv-bild-einweihung-2-768x616.jpg 768w\" sizes=\"auto, (max-width: 810px) 100vw, 810px\" \/><\/figure>\n\n\n\n<p><strong>Vereinsmitglieder haben Gelegenheit eines von 5 Wintersaisonabos 23\/24 im Wert <\/strong><br><strong>von max. Fr. 600.&#8211; zu gewinnen<\/strong><\/p>\n\n\n\n<p><\/p>\n\n\n\n<p><strong><span style=\"text-decoration: underline;\">20 Jahre-Vereinsjubil\u00e4um<\/span><\/strong><br>Seit 20 Jahren unterst\u00fctzt unser Verein den Rinderberg mit seinen Attraktionen. In diesen Jahren hat der Verein dank unserer treuen Mitglieder ca. Fr. 500&#8217;000.&#8211; am Rinderberg einsetzen k\u00f6nnen. Vielen Dank f\u00fcr Ihre Treue zu unserem Hausberg.<\/p>\n\n\n\n<p><strong><span style=\"text-decoration: underline;\">20. Mitgliederversammlung vom Samstag, 1. Juli 2023, 10&#8217;00 Uhr<\/span> <\/strong><br>im Bergrestaurant Rinderberg. Gleichzeitig findet die Einweihung der neuen Aussichtsplattform auf dem Rinderberg-Spitz statt, mit Imbiss und Events.<\/p>\n\n\n\n<figure class=\"wp-block-image size-full is-resized\"><img loading=\"lazy\" decoding=\"async\" width=\"768\" height=\"493\" src=\"https:\/\/www.rinderbergfreunde.ch\/wp-content\/uploads\/2023\/05\/plattform-spitz-skizze-768x493-1.png\" alt=\"\" class=\"wp-image-1253\" style=\"width:523px;height:336px\" srcset=\"https:\/\/www.rinderbergfreunde.ch\/wp-content\/uploads\/2023\/05\/plattform-spitz-skizze-768x493-1.png 768w, https:\/\/www.rinderbergfreunde.ch\/wp-content\/uploads\/2023\/05\/plattform-spitz-skizze-768x493-1-300x193.png 300w\" sizes=\"auto, (max-width: 768px) 100vw, 768px\" \/><\/figure>\n\n\n\n<p><br><strong><span style=\"text-decoration: underline;\">Sommer-Betriebsdaten der Bergbahnen 2023<\/span><\/strong><br><a href=\"https:\/\/www.gstaad.ch\/bergbahnen\/betriebsdaten\/betriebsdaten-sommer-herbst.html\">https:\/\/www.gstaad.ch\/bergbahnen\/betriebsdaten\/betriebsdaten-sommer-herbst.html<\/a><br>Am Rinderberg wird die Sommersaison am 17. Juni er\u00f6ffnet.<\/p>\n\n\n\n<p><\/p>\n\n\n\n<p><br><strong><span style=\"text-decoration: underline;\">Gipfelkreuz auf dem Rinderberg<\/span><\/strong><br>Die Innerschweizerin Miriam Zimmermann wohnt seit 2020 in Zweisimmen. Sie fragte sich, warum hat der Hausberg kein Gipfelkreuz? Im Herbst 2020, als sie mit Simon Haldi ein Gipfelkreuz f\u00fcr Bekannte aus Deutschland anfertigte, wurde die Idee f\u00fcr ein Gipfelkreuz auf dem Rinderberg geboren. Kasimir Hutzli und Simon Haldi sind die Experten f\u00fcrs Holz und der Landschaftsg\u00e4rtner Daniel Sumi der richtige Mann f\u00fcr das Fundament. Weitere Helfer waren Simon Beetschen, Jannik Sager, Floris Hofer und Flavio Marfurt.Die Bergbahnen Destination Gstaad AG begannen im Herbst 2021 mit der Planung einer neuen Aussichtsplattform, die nun um ein Gipfelkreuz bereichert worden ist. Planung und Baugesuch liefen Hand in Hand und die Ausf\u00fchrung konnte bereits nach kurzer Zeit erfolgen. Am 23. September wurde das Gipfelkreuz montiert und der Rinderberg um eine weitere kleine Attraktion bereichert. Im Fr\u00fchling 2023 wird im n\u00e4chsten Schritt die geplante Aussichtsplattform realisiert (siehe unten)  \u2013 dort wird auch der traditionsreiche Adler (finanziert vom Verein 1000 Freunde am Rinderberg), der seit Jahren hoch oben \u00fcber dem Rinderberg wacht, seinen verdienten Platz erhalten.<br>An der Finanzierung des Kreuzes war nat\u00fcrlich der Verein 1000 Freunde am Rinderberg massgeblich beteiligt. Vielen Dank an alle, welche zur Realisation des Gipfelkreuzes beigetragen haben.<\/p>\n\n\n\n<figure class=\"wp-block-image size-large is-resized\"><img loading=\"lazy\" decoding=\"async\" width=\"1024\" height=\"733\" src=\"https:\/\/www.rinderbergfreunde.ch\/wp-content\/uploads\/2022\/10\/311761383_185168747370683_884182893322177386_n-1024x733.jpg\" alt=\"\" class=\"wp-image-1096\" style=\"width:659px;height:472px\" srcset=\"https:\/\/www.rinderbergfreunde.ch\/wp-content\/uploads\/2022\/10\/311761383_185168747370683_884182893322177386_n-1024x733.jpg 1024w, https:\/\/www.rinderbergfreunde.ch\/wp-content\/uploads\/2022\/10\/311761383_185168747370683_884182893322177386_n-300x215.jpg 300w, https:\/\/www.rinderbergfreunde.ch\/wp-content\/uploads\/2022\/10\/311761383_185168747370683_884182893322177386_n-768x550.jpg 768w, https:\/\/www.rinderbergfreunde.ch\/wp-content\/uploads\/2022\/10\/311761383_185168747370683_884182893322177386_n-1536x1100.jpg 1536w, https:\/\/www.rinderbergfreunde.ch\/wp-content\/uploads\/2022\/10\/311761383_185168747370683_884182893322177386_n.jpg 2048w\" sizes=\"auto, (max-width: 1024px) 100vw, 1024px\" \/><\/figure>\n\n\n\n<p><br><strong><span style=\"text-decoration: underline;\">3. Berglauf am Rinderberg<\/span><\/strong><br>Zweisimmen.bewegt mit Rinderbergfreunde<br>Sonntag, 16. Oktober 2022 <br>Rangliste: <a href=\"https:\/\/www.rinderbergfreunde.ch\/wp-content\/uploads\/2022\/12\/OnlineRanglisteOverall-2.pdf\">Online Rangliste<\/a><\/p>\n\n\n\n<figure class=\"wp-block-image size-full is-resized\"><img loading=\"lazy\" decoding=\"async\" width=\"526\" height=\"713\" src=\"https:\/\/www.rinderbergfreunde.ch\/wp-content\/uploads\/2022\/08\/Berglauf-Rinderberg-2022.jpg\" alt=\"\" class=\"wp-image-1067\" style=\"width:360px;height:488px\" srcset=\"https:\/\/www.rinderbergfreunde.ch\/wp-content\/uploads\/2022\/08\/Berglauf-Rinderberg-2022.jpg 526w, https:\/\/www.rinderbergfreunde.ch\/wp-content\/uploads\/2022\/08\/Berglauf-Rinderberg-2022-221x300.jpg 221w\" sizes=\"auto, (max-width: 526px) 100vw, 526px\" \/><figcaption class=\"wp-element-caption\">&nbsp;<\/figcaption><\/figure>\n\n\n\n<p><\/p>\n\n\n\n<p><strong><span style=\"text-decoration: underline;\">Bergstation wird zum Kinderparadies<\/span><\/strong><br>Das Indoor-Erlebnis \u00abOlga&#8217;s Kuhstall\u00bb wird am 2. Juli er\u00f6ffnet. In der Bergstation auf dem Rinderberg lernen die Kleinen alles rund um die Kuh und das Rind. Und damit nicht genug: Ab September gehen Piraten und Wasserratten in der Erlebniswelt Alpenruh auf Entdeckungstour. Das 1600 Quadratmeter grosse Fundraising-Projekt wird zum Treffpunkt f\u00fcr Familien von nah und fern.<br>In den vergangenen Monaten wurde auf dem Rinderberg geh\u00e4mmert und gezimmert. F\u00fcr 120&#8217;000 Franken entstand in der Bergstation der Gondelbahn die Erlebniswelt \u00abOlgas Kuhstall\u00bb. <br>Mit Verbindung zum bereits bestehenden Fassadenspielplatz verwandelt sich das Geb\u00e4ude zum Kinderparadies. Der Eintritt ist gratis. <br>Vom Glockenspiel bis zur Eierkugelbahn:<br>Highlight des urchigen Stalls ist eine riesige Rutschbahn, auf der man quer durch die R\u00e4ume sausen kann.<br>\u00dcber viele interaktive Erlebnisse erfahren die Kinder mehr \u00fcber das Leben der Kuh und des Rinds &#8211; schliesslich steht der Stall auf dem Rinderberg. Dem Namen wird also alle Ehre gemacht und gibt Anstoss f\u00fcr die grosse Entdeckungsreise. Spielerisch lernt man im H\u00fchnerstall mit der Eierkugelbah, wie das mit dem Ei-legen funktioniert.<br>Am <strong>Samstag, 2. Juli<\/strong>, wird die Erlebniswelt mit einem grossen Er\u00f6ffnungsfest f\u00fcr alle Familien, Kinder und jung Gebliebenen eingeweiht. <strong>An diesem Tag f\u00e4hrt die Bergbahn f\u00fcr Kinder bis 16 Jahre gratis<\/strong>. Alle Kinder bis 16 Jahre und diejenigen, welche am Umbau mitgewirkt haben, feiern mit Schlangenbrot und Glace das neue Bergerlebnis. Siehe auch: <a href=\"https:\/\/www.jungfrauzeitung.ch\/artikel\/200235\/\">https:\/\/www.jungfrauzeitung.ch\/artikel\/200235\/<\/a><\/p>\n\n\n\n<p><strong><span style=\"text-decoration: underline;\">Neue Homepage<\/span><\/strong><br>Die Homepage www.rinderbergfreunde.ch wurde nach bald 20 Jahren einer Modernisierung unterzogen. <br>Wir hoffen dass die Page rege besucht und weiterempfohlen wird. <\/p>\n\n\n\n<p><strong><span style=\"text-decoration: underline;\">Zweisimmen auf Facebook<\/span><\/strong><br>Auch auf <a href=\"https:\/\/www.facebook.com\/people\/Rinderbergfreunde\/100076326755935\/\" data-type=\"URL\" data-id=\"https:\/\/www.facebook.com\/people\/Rinderbergfreunde\/100076326755935\/\">Facebook<\/a><strong> <\/strong>sind wir pr\u00e4sent.<\/p>\n\n\n\n<p><strong><span style=\"text-decoration: underline;\">19. Mitgliederversammlung<\/span><\/strong> <br>Samstag, 11. Juni 2022, 14 Uhr in der &#171;Rinderberg Swiss Alpine Lodge&#187; bei der Mittelstation der Rinderbergbahn (<a href=\"\/wp-content\/uploads\/2022\/05\/GV-Botschaft-2022.pdf\" data-type=\"URL\">Botschaft und Jahresbericht<\/a>). <a href=\"https:\/\/www.rinderbergfreunde.ch\/wp-content\/uploads\/2022\/06\/GV19-2021-2022.pdf\">Versammlungsprotokoll<\/a><\/p>\n\n\n\n<figure class=\"wp-block-image size-large is-resized\"><img decoding=\"async\" src=\"\/wp-content\/uploads\/2022\/05\/GV22-Bild.jpg\" alt=\"\" style=\"width:375px;height:405px\"\/><\/figure>\n\n\n\n<p><br><strong><span style=\"text-decoration: underline;\">Events in Zweisimmen und der Region<\/span><\/strong><br>Alle Events in Zweisimmen und der Region k\u00f6nnen Sie <a href=\"https:\/\/www.gstaad.ch\/events.html#\/veranstaltungen\" data-type=\"URL\" data-id=\"https:\/\/www.gstaad.ch\/events.html#\/veranstaltungen\">hier<\/a> abfragen<\/p>\n\n\n\n<p><\/p>\n","protected":false},"excerpt":{"rendered":"<p>Aus der Simmental Zeitung vom 19.06.2025 \u00fcber die Mitgliederversammlung vom 14. Juni 2025: 22. Mitgliederversammlung 14. Juni 2025 Bergbahnen Destination Gstaad im Magic Pass https:\/\/bergbahnen-gstaad.ch\/winter\/informationen\/magic-passDie Preise f\u00fcr den Magic Pass h\u00e4ngen von der Verkaufsphase ab. In der ersten Phase liegt der Preis bei CHF 419 f\u00fcr Erwachsene und CHF 282 f\u00fcr Kinder. Sichere dir deinen&hellip;&nbsp;<a href=\"https:\/\/www.rinderbergfreunde.ch\/?page_id=537\" class=\"\" rel=\"bookmark\">Weiterlesen &raquo;<span class=\"screen-reader-text\">Aktuelles<\/span><\/a><\/p>\n","protected":false},"author":1,"featured_media":759,"parent":0,"menu_order":0,"comment_status":"closed","ping_status":"closed","template":"","meta":{"neve_meta_sidebar":"","neve_meta_container":"","neve_meta_enable_content_width":"","neve_meta_content_width":0,"neve_meta_title_alignment":"","neve_meta_author_avatar":"","neve_post_elements_order":"","neve_meta_disable_header":"","neve_meta_disable_footer":"","neve_meta_disable_title":"","footnotes":""},"class_list":["post-537","page","type-page","status-publish","has-post-thumbnail","hentry"],"_links":{"self":[{"href":"https:\/\/www.rinderbergfreunde.ch\/index.php?rest_route=\/wp\/v2\/pages\/537","targetHints":{"allow":["GET"]}}],"collection":[{"href":"https:\/\/www.rinderbergfreunde.ch\/index.php?rest_route=\/wp\/v2\/pages"}],"about":[{"href":"https:\/\/www.rinderbergfreunde.ch\/index.php?rest_route=\/wp\/v2\/types\/page"}],"author":[{"embeddable":true,"href":"https:\/\/www.rinderbergfreunde.ch\/index.php?rest_route=\/wp\/v2\/users\/1"}],"replies":[{"embeddable":true,"href":"https:\/\/www.rinderbergfreunde.ch\/index.php?rest_route=%2Fwp%2Fv2%2Fcomments&post=537"}],"version-history":[{"count":136,"href":"https:\/\/www.rinderbergfreunde.ch\/index.php?rest_route=\/wp\/v2\/pages\/537\/revisions"}],"predecessor-version":[{"id":1417,"href":"https:\/\/www.rinderbergfreunde.ch\/index.php?rest_route=\/wp\/v2\/pages\/537\/revisions\/1417"}],"wp:featuredmedia":[{"embeddable":true,"href":"https:\/\/www.rinderbergfreunde.ch\/index.php?rest_route=\/wp\/v2\/media\/759"}],"wp:attachment":[{"href":"https:\/\/www.rinderbergfreunde.ch\/index.php?rest_route=%2Fwp%2Fv2%2Fmedia&parent=537"}],"curies":[{"name":"wp","href":"https:\/\/api.w.org\/{rel}","templated":true}]}}